{"id":1557,"date":"2024-06-27T20:51:34","date_gmt":"2024-06-27T20:51:34","guid":{"rendered":"https:\/\/globex2000.ca\/gift-cards\/"},"modified":"2024-06-27T20:57:05","modified_gmt":"2024-06-27T20:57:05","slug":"cartes-cadeaux","status":"publish","type":"page","link":"https:\/\/globex2000.ca\/fr\/cartes-cadeaux\/","title":{"rendered":"Cartes-cadeaux"},"content":{"rendered":"\n<p>Pour un frais de 4,95$ + taxes, Globex 2000 offre maintenant \u00e0 sa client\u00e8le la possibilit\u00e9 d\u2019acheter des cartes-cadeaux allant jusqu\u2019\u00e0 500$! En vente dans nos succursales, ses cartes peuvent \u00eatre utilis\u00e9es pour acheter des devises \u00e9trang\u00e8res et articles de voyages vendues dans nos succursales!<\/p>\n\n\n\n<p><\/p>\n\n\n\n<p><span style=\"text-decoration: underline;\">Important<\/span><br>Les cartes perdues\/vol\u00e9es\/d\u00e9truites ne seront pas remplac\u00e9es par Globex 2000.Vous pouvez acheter un article de voyage avec une carte-cadeau si et seulement si vous acheter aussi une devise \u00e9trang\u00e8re.Cette carte n\u2019a aucune valeur p\u00e9cuniaire et ne peut en aucun cas \u00eatre \u00e9chang\u00e9e pour la d\u00e9nomination canadienne.<\/p>\n","protected":false},"excerpt":{"rendered":"Pour un frais de 4,95$ + taxes, Globex 2000 offre maintenant \u00e0 sa client\u00e8le la possibilit\u00e9 d\u2019acheter des cartes-cadeaux allant jusqu\u2019\u00e0 500$! En vente dans nos succursales, ses cartes peuvent \u00eatre utilis\u00e9es pour acheter des devises \u00e9trang\u00e8res et articles de voyages vendues dans nos succursales! ImportantLes cartes perdues\/vol\u00e9es\/d\u00e9truites ne seront pas remplac\u00e9es par Globex 2000.Vous&#8230; <a class=\"view-article\" href=\"https:\/\/globex2000.ca\/fr\/cartes-cadeaux\/\">Voir l&rsquo;article<\/a>","protected":false},"author":2,"featured_media":0,"parent":0,"menu_order":0,"comment_status":"closed","ping_status":"closed","template":"templates\/text.php","meta":{"_acf_changed":false,"footnotes":""},"class_list":["post-1557","page","type-page","status-publish","hentry"],"acf":[],"_links":{"self":[{"href":"https:\/\/globex2000.ca\/fr\/wp-json\/wp\/v2\/pages\/1557","targetHints":{"allow":["GET"]}}],"collection":[{"href":"https:\/\/globex2000.ca\/fr\/wp-json\/wp\/v2\/pages"}],"about":[{"href":"https:\/\/globex2000.ca\/fr\/wp-json\/wp\/v2\/types\/page"}],"author":[{"embeddable":true,"href":"https:\/\/globex2000.ca\/fr\/wp-json\/wp\/v2\/users\/2"}],"replies":[{"embeddable":true,"href":"https:\/\/globex2000.ca\/fr\/wp-json\/wp\/v2\/comments?post=1557"}],"version-history":[{"count":3,"href":"https:\/\/globex2000.ca\/fr\/wp-json\/wp\/v2\/pages\/1557\/revisions"}],"predecessor-version":[{"id":1560,"href":"https:\/\/globex2000.ca\/fr\/wp-json\/wp\/v2\/pages\/1557\/revisions\/1560"}],"wp:attachment":[{"href":"https:\/\/globex2000.ca\/fr\/wp-json\/wp\/v2\/media?parent=1557"}],"curies":[{"name":"wp","href":"https:\/\/api.w.org\/{rel}","templated":true}]}}