{"id":161,"date":"2016-05-09T16:09:36","date_gmt":"2016-05-09T16:09:36","guid":{"rendered":"http:\/\/wp.globex.dev\/?page_id=161"},"modified":"2017-02-09T17:43:10","modified_gmt":"2017-02-09T17:43:10","slug":"commissaire-a-lassermentation","status":"publish","type":"page","link":"https:\/\/globex2000.ca\/fr\/commissaire-a-lassermentation\/","title":{"rendered":"Commissaire \u00e0 l\u2019assermentation"},"content":{"rendered":"<p>Globex 2000 est heureux de vous annoncer que nos employ\u00e9s ont \u00e9t\u00e9 mandat\u00e9s \u00abCommissaire \u00e0 l\u2019assermentation\u00bb par le Minist\u00e8re de la Justice. Les Commissaires \u00e0 l\u2019assermentation sont responsables de la v\u00e9rification de certains documents gouvernementaux.<\/p>\n<p>Certains textes de loi exigent qu\u2019une personne soit asserment\u00e9e avant de signer un document ou de t\u00e9moigner. Cette formalit\u00e9 permet de donner un caract\u00e8re plus officiel ou cr\u00e9dible \u00e0 ce document ou t\u00e9moignage.<br \/>\n(Source: Justice Qu\u00e9bec Website)<\/p>\n<p>Vous pouvez trouver r\u00e9ponse \u00e0 vos questions <a href=\"http:\/\/globex.chapp.co\/globex\/faq-2\/\">ici<\/a>.<\/p>\n<p>Pour plus d\u2019information, veuillez communiquer au 1-877-933-2555, ou visitez un de nos Commissaires \u00e0 la succursale Globex la plus pr\u00e8s de vous.<\/p>\n","protected":false},"excerpt":{"rendered":"Globex 2000 est heureux de vous annoncer que nos employ\u00e9s ont \u00e9t\u00e9 mandat\u00e9s \u00abCommissaire \u00e0 l\u2019assermentation\u00bb par le Minist\u00e8re de la Justice. Les Commissaires \u00e0 l\u2019assermentation sont responsables de la v\u00e9rification de certains documents gouvernementaux. Certains textes de loi exigent qu\u2019une personne soit asserment\u00e9e avant de signer un document ou de t\u00e9moigner. Cette formalit\u00e9 permet&#8230; <a class=\"view-article\" href=\"https:\/\/globex2000.ca\/fr\/commissaire-a-lassermentation\/\">Voir l&rsquo;article<\/a>","protected":false},"author":1,"featured_media":0,"parent":0,"menu_order":0,"comment_status":"closed","ping_status":"closed","template":"templates\/text.php","meta":{"_acf_changed":false,"footnotes":""},"class_list":["post-161","page","type-page","status-publish","hentry"],"acf":[],"_links":{"self":[{"href":"https:\/\/globex2000.ca\/fr\/wp-json\/wp\/v2\/pages\/161","targetHints":{"allow":["GET"]}}],"collection":[{"href":"https:\/\/globex2000.ca\/fr\/wp-json\/wp\/v2\/pages"}],"about":[{"href":"https:\/\/globex2000.ca\/fr\/wp-json\/wp\/v2\/types\/page"}],"author":[{"embeddable":true,"href":"https:\/\/globex2000.ca\/fr\/wp-json\/wp\/v2\/users\/1"}],"replies":[{"embeddable":true,"href":"https:\/\/globex2000.ca\/fr\/wp-json\/wp\/v2\/comments?post=161"}],"version-history":[{"count":6,"href":"https:\/\/globex2000.ca\/fr\/wp-json\/wp\/v2\/pages\/161\/revisions"}],"predecessor-version":[{"id":415,"href":"https:\/\/globex2000.ca\/fr\/wp-json\/wp\/v2\/pages\/161\/revisions\/415"}],"wp:attachment":[{"href":"https:\/\/globex2000.ca\/fr\/wp-json\/wp\/v2\/media?parent=161"}],"curies":[{"name":"wp","href":"https:\/\/api.w.org\/{rel}","templated":true}]}}