{"id":196,"date":"2016-05-11T05:33:32","date_gmt":"2016-05-11T05:33:32","guid":{"rendered":"http:\/\/wp.globex.dev\/?page_id=196"},"modified":"2016-12-23T20:39:42","modified_gmt":"2016-12-23T20:39:42","slug":"globex-2000-for-your-company-2","status":"publish","type":"page","link":"https:\/\/globex2000.ca\/fr\/services-2\/globex-2000-for-your-company-2\/","title":{"rendered":"Globex pour votre entreprises"},"content":{"rendered":"<h2>Pourquoi choisir globex pour votre entreprises?<\/h2>\n<p>Avec ses ans d\u2019op\u00e9ration dans l\u2019industrie, Globex 2000 se d\u00e9marque par <a href=\"\/comparer-les-taux\/?lang=fr\">les meilleurs taux pour l\u2019\u00e9change de devises mondiales<\/a> et un service incomparable. Les consommateurs et les entreprises peuvent compter sur nos conseils pratiques et sur un taux comp\u00e9titif, sans frais ni commissions. Nous sommes fiers de compter parmi notre client\u00e8le des consommateurs avertis, des entreprises qu\u00e9b\u00e9coises prestigieuses connues mondialement ainsi que celles situ\u00e9es tous pr\u00e8s de nous. Tous b\u00e9n\u00e9ficient du service remarquable et des conseils \u00e9clair\u00e9s qui ont fait notre renomm\u00e9e.<\/p>\n<p>Nous avons les devises les plus populaires toujours disponible (donc, il n\u2019y a pas d\u2019attentent) ainsi qu\u2019une grande vari\u00e9t\u00e9 de devises d\u2019autre pays dans des coupures vari\u00e9es (petites et grosse) au meilleurs taux du march\u00e9. Le tous sans frais ni commissions. Nos conseillers poss\u00e8dent l\u2019exp\u00e9rience, la connaissance et l\u2019engagement \u00e0 vous servir d\u2019une mani\u00e8re qui convient le mieux \u00e0 vos exigences. Vous serait servi, \u00e0 votre choix, en fran\u00e7ais, anglais, italien, portugais ou espagnole.<\/p>\n","protected":false},"excerpt":{"rendered":"Pourquoi choisir globex pour votre entreprises? Avec ses ans d\u2019op\u00e9ration dans l\u2019industrie, Globex 2000 se d\u00e9marque par les meilleurs taux pour l\u2019\u00e9change de devises mondiales et un service incomparable. Les consommateurs et les entreprises peuvent compter sur nos conseils pratiques et sur un taux comp\u00e9titif, sans frais ni commissions. Nous sommes fiers de compter parmi&#8230; <a class=\"view-article\" href=\"https:\/\/globex2000.ca\/fr\/services-2\/globex-2000-for-your-company-2\/\">Voir l&rsquo;article<\/a>","protected":false},"author":1,"featured_media":0,"parent":715,"menu_order":0,"comment_status":"closed","ping_status":"closed","template":"templates\/text.php","meta":{"_acf_changed":false,"footnotes":""},"class_list":["post-196","page","type-page","status-publish","hentry"],"acf":[],"_links":{"self":[{"href":"https:\/\/globex2000.ca\/fr\/wp-json\/wp\/v2\/pages\/196","targetHints":{"allow":["GET"]}}],"collection":[{"href":"https:\/\/globex2000.ca\/fr\/wp-json\/wp\/v2\/pages"}],"about":[{"href":"https:\/\/globex2000.ca\/fr\/wp-json\/wp\/v2\/types\/page"}],"author":[{"embeddable":true,"href":"https:\/\/globex2000.ca\/fr\/wp-json\/wp\/v2\/users\/1"}],"replies":[{"embeddable":true,"href":"https:\/\/globex2000.ca\/fr\/wp-json\/wp\/v2\/comments?post=196"}],"version-history":[{"count":4,"href":"https:\/\/globex2000.ca\/fr\/wp-json\/wp\/v2\/pages\/196\/revisions"}],"predecessor-version":[{"id":470,"href":"https:\/\/globex2000.ca\/fr\/wp-json\/wp\/v2\/pages\/196\/revisions\/470"}],"up":[{"embeddable":true,"href":"https:\/\/globex2000.ca\/fr\/wp-json\/wp\/v2\/pages\/715"}],"wp:attachment":[{"href":"https:\/\/globex2000.ca\/fr\/wp-json\/wp\/v2\/media?parent=196"}],"curies":[{"name":"wp","href":"https:\/\/api.w.org\/{rel}","templated":true}]}}