{"id":200,"date":"2016-05-11T05:37:41","date_gmt":"2016-05-11T05:37:41","guid":{"rendered":"http:\/\/wp.globex.dev\/?page_id=200"},"modified":"2016-12-23T20:47:53","modified_gmt":"2016-12-23T20:47:53","slug":"international-payments-2","status":"publish","type":"page","link":"https:\/\/globex2000.ca\/fr\/services-2\/international-payments-2\/","title":{"rendered":"T\u00e9l\u00e9virement"},"content":{"rendered":"<h2>PAIEMENTS PAR CH\u00c8QUES OU VIREMENTS INTERNATIONAUX<\/h2>\n<p>Si vous avez des comptes \u00e0 payer dans une monnaie \u00e9trang\u00e8re (exemple: comptes de taxes fonci\u00e8res, l&rsquo;achat d&rsquo;un bateau, v\u00e9hicule, propri\u00e9t\u00e9, des frais de scolarit\u00e9, etc.), Globex 2000 peut prendre soin de vos besoins. Gr\u00e2ce \u00e0 notre service flexible, les paiements peuvent \u00eatre d\u00e9pos\u00e9s soit dans votre compte bancaire, soit livr\u00e9s \u00e0 votre fournisseur. Nos ch\u00e8ques sont tir\u00e9s sur les banques canadiennes ou internationales, selon le cas afin de r\u00e9duire la n\u00e9gociation du temps (de compensation). Nous pouvons envoyer votre paiement dans une monnaie \u00e9trang\u00e8re rapidement et vous fournir une confirmation de ce transfert. Notre syst\u00e8me logiciel nous permet de suivre votre transfert en ligne et de vous informer de l&rsquo;\u00e9tat d&rsquo;avancement de votre paiement.<\/p>\n<p>\nGlobex 2000, vous donne la s\u00e9curit\u00e9 et la rapidit\u00e9 dont vous avez besoin sur tous les transferts \u00e9lectroniques internationaux (EFT) envoy\u00e9s ou re\u00e7us. Les transferts \u00e9lectroniques est le moyen le plus rapide d&rsquo;envoyer ou de recevoir de l&rsquo;argent de vos fournisseurs, clients, ou des membres de votre famille. Et c&rsquo;est si simple! Cliquez ici pour acc\u00e9der \u00e0 notre formulaire en ligne pour demander un transfert.<\/p>\n","protected":false},"excerpt":{"rendered":"PAIEMENTS PAR CH\u00c8QUES OU VIREMENTS INTERNATIONAUX Si vous avez des comptes \u00e0 payer dans une monnaie \u00e9trang\u00e8re (exemple: comptes de taxes fonci\u00e8res, l&rsquo;achat d&rsquo;un bateau, v\u00e9hicule, propri\u00e9t\u00e9, des frais de scolarit\u00e9, etc.), Globex 2000 peut prendre soin de vos besoins. Gr\u00e2ce \u00e0 notre service flexible, les paiements peuvent \u00eatre d\u00e9pos\u00e9s soit dans votre compte bancaire,&#8230; <a class=\"view-article\" href=\"https:\/\/globex2000.ca\/fr\/services-2\/international-payments-2\/\">Voir l&rsquo;article<\/a>","protected":false},"author":1,"featured_media":0,"parent":715,"menu_order":0,"comment_status":"closed","ping_status":"closed","template":"templates\/text.php","meta":{"_acf_changed":false,"footnotes":""},"class_list":["post-200","page","type-page","status-publish","hentry"],"acf":[],"_links":{"self":[{"href":"https:\/\/globex2000.ca\/fr\/wp-json\/wp\/v2\/pages\/200","targetHints":{"allow":["GET"]}}],"collection":[{"href":"https:\/\/globex2000.ca\/fr\/wp-json\/wp\/v2\/pages"}],"about":[{"href":"https:\/\/globex2000.ca\/fr\/wp-json\/wp\/v2\/types\/page"}],"author":[{"embeddable":true,"href":"https:\/\/globex2000.ca\/fr\/wp-json\/wp\/v2\/users\/1"}],"replies":[{"embeddable":true,"href":"https:\/\/globex2000.ca\/fr\/wp-json\/wp\/v2\/comments?post=200"}],"version-history":[{"count":4,"href":"https:\/\/globex2000.ca\/fr\/wp-json\/wp\/v2\/pages\/200\/revisions"}],"predecessor-version":[{"id":857,"href":"https:\/\/globex2000.ca\/fr\/wp-json\/wp\/v2\/pages\/200\/revisions\/857"}],"up":[{"embeddable":true,"href":"https:\/\/globex2000.ca\/fr\/wp-json\/wp\/v2\/pages\/715"}],"wp:attachment":[{"href":"https:\/\/globex2000.ca\/fr\/wp-json\/wp\/v2\/media?parent=200"}],"curies":[{"name":"wp","href":"https:\/\/api.w.org\/{rel}","templated":true}]}}