{"id":214,"date":"2016-05-11T06:08:38","date_gmt":"2016-05-11T06:08:38","guid":{"rendered":"http:\/\/wp.globex.dev\/?page_id=214"},"modified":"2025-05-26T13:45:58","modified_gmt":"2025-05-26T13:45:58","slug":"commande-de-devises","status":"publish","type":"page","link":"https:\/\/globex2000.ca\/fr\/commande-de-devises\/","title":{"rendered":"Commande de devises"},"content":{"rendered":"<div class=\"frm_forms  with_frm_style frm_style_globex\" id=\"frm_form_2_container\" data-token=\"e42a84ca071b860ca70d8f13dae06b45\">\n<form enctype=\"multipart\/form-data\" method=\"post\" class=\"frm-show-form  frm_pro_form \" id=\"form_li7l7\" data-token=\"e42a84ca071b860ca70d8f13dae06b45\">\n<div class=\"frm_form_fields \">\n<fieldset>\n<legend class=\"frm_screen_reader\">Reserver<\/legend>\r\n\r\n<div class=\"frm_fields_container\">\n<input type=\"hidden\" name=\"frm_action\" value=\"create\" \/>\n<input type=\"hidden\" name=\"form_id\" value=\"2\" \/>\n<input type=\"hidden\" name=\"frm_hide_fields_2\" id=\"frm_hide_fields_2\" value=\"\" \/>\n<input type=\"hidden\" name=\"form_key\" value=\"li7l7\" \/>\n<input type=\"hidden\" name=\"item_meta[0]\" value=\"\" \/>\n<input type=\"hidden\" id=\"frm_submit_entry_2\" name=\"frm_submit_entry_2\" value=\"fcc1eaaf14\" \/><input type=\"hidden\" name=\"_wp_http_referer\" value=\"\/fr\/wp-json\/wp\/v2\/pages\/214\" \/><div id=\"frm_field_6_container\" class=\"frm_form_field frm_section_heading form-field frm_inside_container\">\r\n<h3 class=\"frm_pos_inside frm_section_spacing\">CHOISISSEZ VOTRE DEVISE<\/h3>\r\n\r\n\r\n<div id=\"frm_field_7_container\" class=\"frm_form_field form-field  frm_hidden_container frm4\">\r\n\t<label for=\"field_reserve-amount\" id=\"field_reserve-amount_label\" class=\"frm_primary_label\">Montant de la commande\r\n\t\t<span class=\"frm_required\" aria-hidden=\"true\"><\/span>\r\n\t<\/label>\r\n\t<div class=\"frm_input_group frm_with_box frm_with_pre\"><span class=\"frm_inline_box\">ISO<\/span><input type=\"number\" id=\"field_reserve-amount\" name=\"item_meta[7]\" value=\"\" data-sectionid=\"6\"  placeholder=\"Montant de la commande\" data-invmsg=\"Montant de la commande n&#039;est pas valide\" aria-invalid=\"false\"   min=\"0\" max=\"9999999\" step=\"any\" \/><\/div>\r\n\t\r\n\t\r\n<\/div>\n<div class=\"group frm8\">\r\n<div id=\"frm_field_8_container\" class=\"frm_form_field form-field  frm_hidden_container frm4 frm_reverse_1\">\r\n\t<label for=\"field_reserve-currency\" id=\"field_reserve-currency_label\" class=\"frm_primary_label\">De\r\n\t\t<span class=\"frm_required\" aria-hidden=\"true\"><\/span>\r\n\t<\/label>\r\n\t\t\t<select name=\"item_meta[8]\" id=\"field_reserve-currency\"  data-sectionid=\"6\"  data-invmsg=\"De est non valide\" aria-invalid=\"false\"  >\n\t\t\t<\/select>\n\t\r\n\t\r\n\t\r\n<\/div>\r\n<div id=\"currency-reverse\"><a href=\"#\"><svg xmlns=\"http:\/\/www.w3.org\/2000\/svg\" viewBox=\"0 0 512 512\"><!--!Font Awesome Free 6.7.2 by @fontawesome - https:\/\/fontawesome.com License - https:\/\/fontawesome.com\/license\/free Copyright 2025 Fonticons, Inc.--><path d=\"M105.1 202.6c7.7-21.8 20.2-42.3 37.8-59.8c62.5-62.5 163.8-62.5 226.3 0L386.3 160 352 160c-17.7 0-32 14.3-32 32s14.3 32 32 32l111.5 0c0 0 0 0 0 0l.4 0c17.7 0 32-14.3 32-32l0-112c0-17.7-14.3-32-32-32s-32 14.3-32 32l0 35.2L414.4 97.6c-87.5-87.5-229.3-87.5-316.8 0C73.2 122 55.6 150.7 44.8 181.4c-5.9 16.7 2.9 34.9 19.5 40.8s34.9-2.9 40.8-19.5zM39 289.3c-5 1.5-9.8 4.2-13.7 8.2c-4 4-6.7 8.8-8.1 14c-.3 1.2-.6 2.5-.8 3.8c-.3 1.7-.4 3.4-.4 5.1L16 432c0 17.7 14.3 32 32 32s32-14.3 32-32l0-35.1 17.6 17.5c0 0 0 0 0 0c87.5 87.4 229.3 87.4 316.7 0c24.4-24.4 42.1-53.1 52.9-83.8c5.9-16.7-2.9-34.9-19.5-40.8s-34.9 2.9-40.8 19.5c-7.7 21.8-20.2 42.3-37.8 59.8c-62.5 62.5-163.8 62.5-226.3 0l-.1-.1L125.6 352l34.4 0c17.7 0 32-14.3 32-32s-14.3-32-32-32L48.4 288c-1.6 0-3.2 .1-4.8 .3s-3.1 .5-4.6 1z\"\/><\/svg><\/a><\/div>\n<div id=\"frm_field_9_container\" class=\"frm_form_field form-field  frm_hidden_container frm4 frm_reverse_2\">\r\n\t<label for=\"field_pv0lt\" id=\"field_pv0lt_label\" class=\"frm_primary_label\">\u00c0\r\n\t\t<span class=\"frm_required\" aria-hidden=\"true\"><\/span>\r\n\t<\/label>\r\n\t<input type=\"hidden\" value=\"Canadian Dollars (CAD)\" name=\"item_meta[9]\"  id=\"field_pv0lt\" \/>\t\t<select  disabled=\"disabled\"  data-sectionid=\"6\"  data-frmval=\"Canadian Dollars (CAD)\" data-invmsg=\"\u00c0 est non valide\" aria-invalid=\"false\"  >\n\t<option  value=\"Canadian Dollars (CAD)\" selected='selected'>Dollars Canadiens (CAD)<\/option>\t<\/select>\n\t\r\n\t\r\n\t\r\n<\/div>\r\n<\/div>\n<div id=\"frm_field_10_container\" class=\"frm_form_field form-field  frm_top_container frm6\">\r\n\t<label for=\"field_reserve-rate\" id=\"field_reserve-rate_label\" class=\"frm_primary_label\">Taux de change\r\n\t\t<span class=\"frm_required\" aria-hidden=\"true\"><\/span>\r\n\t<\/label>\r\n\t<input type=\"number\" id=\"field_reserve-rate\" name=\"item_meta[10]\" value=\"\" readonly=\"readonly\"  data-sectionid=\"6\"  data-invmsg=\"Taux de change n&#039;est pas valide\" aria-invalid=\"false\"   min=\"0\" max=\"9999999\" step=\"any\" \/>\r\n\t\r\n\t\r\n<\/div>\n<div id=\"frm_field_11_container\" class=\"frm_form_field form-field  frm_inside_container frm6\">\r\n\t<label for=\"field_reserve-total\" id=\"field_reserve-total_label\" class=\"frm_primary_label\">Total\r\n\t\t<span class=\"frm_required\" aria-hidden=\"true\"><\/span>\r\n\t<\/label>\r\n\t<div class=\"frm_input_group frm_with_box frm_with_pre\"><span class=\"frm_inline_box\">CAD<\/span><input type=\"number\" id=\"field_reserve-total\" name=\"item_meta[11]\" value=\"\" data-sectionid=\"6\"  data-invmsg=\"Total n&#039;est pas valide\" aria-invalid=\"false\"   min=\"0\" max=\"9999999\" step=\"any\" \/><\/div>\r\n\t\r\n\t\r\n<\/div>\n<div id=\"frm_field_12_container\" class=\"frm_form_field  frm_html_container form-field\">\n<p style=\"text-align: center\">Les tarifs sont uniquement \u00e0 titre indicatif et sont sujets \u00e0 changement sans pr\u00e9avis.<\/p>\n<\/div>\n<\/div>\n<div id=\"frm_field_14_container\" class=\"frm_form_field frm_section_heading form-field frm_inside_container\">\r\n<h3 class=\"frm_pos_inside frm_section_spacing\">Coupures<\/h3>\r\n\r\n\r\n<div id=\"frm_field_15_container\" class=\"frm_form_field  frm_html_container form-field\">\n<div id=\"reserve-denomination-wrapper\"> <\/div>\n<div class=\"denomination-note\">\n<p style=\"text-align: center\">Note: Les coupures sont sujettes \u00e0 disponibilit\u00e9 et ne peuvent pas \u00eatre garanties. Nous ferons de notre mieux pour r\u00e9pondre \u00e0 votre demande.<\/p>\n<\/div>\n<div class=\"denomination-error error\">\n<p style=\"text-align: center\">Le total des coupures s\u00e9lectionn\u00e9es doit correspondre au montant de la commande.<\/p>\n<\/div>\n<div id=\"reserve-currency-add\"><a id=\"reserve-add-currency\" class=\"button blue\" href=\"#\">AJOUTER<\/a><\/div>\n<div id=\"reserve-currency-recap\">\n<table class=\"table\">\n<thead>\n<tr>\n<th>Devise \u00e9trang\u00e8re<\/th>\n<th>Montant de la commande<\/th>\n<th>Taux de change<\/th>\n<th>Coupures<\/th>\n<th>Montant en CAD<\/th>\n<th>Supprimer<\/th>\n<\/tr>\n<\/thead>\n<tbody>\n<tr class=\"sum\">\n<td style=\"border-right: none;border-left: none\" colspan=\"3\"> <\/td>\n<td>TOTAL<\/td>\n<td class=\"final-amount\"> <\/td>\n<td> <\/td>\n<\/tr>\n<\/tbody>\n<\/table>\n<\/div>\n<\/div>\n<\/div>\n<div id=\"frm_field_17_container\" class=\"frm_form_field frm_section_heading form-field frm_inside_container h2\">\r\n<h3 class=\"frm_pos_inside frm_section_spacing\">RENSEIGNEMENTS PERSONNELS<\/h3>\r\n\r\n\r\n<div id=\"frm_field_18_container\" class=\"frm_form_field form-field  frm_required_field frm_none_container frm_first frm_two_thirds\">\r\n\t<div  id=\"field_lgipd_label\" class=\"frm_primary_label\">Nom\r\n\t\t<span class=\"frm_required\" aria-hidden=\"true\">*<\/span>\r\n\t<\/div>\r\n\t<fieldset aria-labelledby=\"field_lgipd_label\">\n\t<legend class=\"frm_screen_reader frm_hidden\">\n\t\tNom\t<\/legend>\n\n\t<div  class=\"frm_combo_inputs_container\" id=\"frm_combo_inputs_container_18\" data-name-layout=\"first_last\">\n\t\t\t\t\t<div\n\t\t\t\tid=\"frm_field_18-first_container\"\n\t\t\t\tclass=\"frm_form_field form-field frm_form_subfield-first  frm6\"\n\t\t\t\tdata-sub-field-name=\"first\"\n\t\t\t>\n\t\t\t\t<label for=\"field_lgipd_first\" class=\"frm_screen_reader frm_hidden\">\n\t\t\t\t\tNom\t\t\t\t<\/label>\n\n\t\t\t\t<input  type=\"text\" id=\"field_lgipd_first\" value=\"\" name=\"item_meta[18][first]\" data-sectionid=\"17\"  placeholder=\"Pr\u00e9nom\" data-reqmsg=\"Nom ne peut pas \u00eatre vide.\" aria-required=\"true\" data-invmsg=\"Nom est non valide\" aria-invalid=\"false\"  \/>\t\t\t<\/div>\n\t\t\t\t\t\t<div\n\t\t\t\tid=\"frm_field_18-last_container\"\n\t\t\t\tclass=\"frm_form_field form-field frm_form_subfield-last  frm6\"\n\t\t\t\tdata-sub-field-name=\"last\"\n\t\t\t>\n\t\t\t\t<label for=\"field_lgipd_last\" class=\"frm_screen_reader frm_hidden\">\n\t\t\t\t\tNom\t\t\t\t<\/label>\n\n\t\t\t\t<input  type=\"text\" id=\"field_lgipd_last\" value=\"\" name=\"item_meta[18][last]\" data-sectionid=\"17\"  placeholder=\"Nom de famille\" data-reqmsg=\"Nom ne peut pas \u00eatre vide.\" aria-required=\"true\" data-invmsg=\"Nom est non valide\" aria-invalid=\"false\"  \/>\t\t\t<\/div>\n\t\t\t\t<\/div>\n<\/fieldset>\n\r\n\t\r\n\t\r\n<\/div>\n<div id=\"frm_field_19_container\" class=\"frm_form_field form-field  frm_required_field frm_none_container frm_third\">\r\n\t<label for=\"field_reserve-email\" id=\"field_reserve-email_label\" class=\"frm_primary_label\">Courriel\r\n\t\t<span class=\"frm_required\" aria-hidden=\"true\">*<\/span>\r\n\t<\/label>\r\n\t<input type=\"email\" id=\"field_reserve-email\" name=\"item_meta[19]\" value=\"\"  autocomplete=\"email\"  placeholder=\"Courriel\" data-reqmsg=\"Courriel ne peut pas \u00eatre vide.\" aria-required=\"true\" data-invmsg=\"Courriel n&#039;est pas valide\" aria-invalid=\"false\"  \/>\r\n\t\r\n\t\r\n<\/div>\n<div id=\"frm_field_20_container\" class=\"frm_form_field form-field  frm_required_field frm_none_container frm_first frm_two_thirds\">\r\n\t<label for=\"field_jeuns\" id=\"field_jeuns_label\" class=\"frm_primary_label\">Adresse\r\n\t\t<span class=\"frm_required\" aria-hidden=\"true\">*<\/span>\r\n\t<\/label>\r\n\t<input  type=\"text\" id=\"field_jeuns\" name=\"item_meta[20]\" value=\"\"  data-sectionid=\"17\"  placeholder=\"Adresse\" data-reqmsg=\"Adresse ne peut pas \u00eatre vide.\" aria-required=\"true\" data-invmsg=\"Adresse n&#039;est pas valide\" aria-invalid=\"false\"   \/>\r\n\t\r\n\t\r\n<\/div>\n<div id=\"frm_field_21_container\" class=\"frm_form_field form-field  frm_required_field frm_none_container frm_third\">\r\n\t<label for=\"field_reserve_phone\" id=\"field_reserve_phone_label\" class=\"frm_primary_label\">T\u00e9l\u00e9phone\r\n\t\t<span class=\"frm_required\" aria-hidden=\"true\">*<\/span>\r\n\t<\/label>\r\n\t<input type=\"tel\" id=\"field_reserve_phone\" name=\"item_meta[21]\" value=\"\"  data-frmmask=\"000-000-0000\" placeholder=\"T\u00e9l\u00e9phone\" data-reqmsg=\"T\u00e9l\u00e9phone ne peut pas \u00eatre vide.\" aria-required=\"true\" data-invmsg=\"T\u00e9l\u00e9phone n&#039;est pas valide\" aria-invalid=\"false\" pattern=\"\\d\\d\\d-\\d\\d\\d-\\d\\d\\d\\d$\"  \/>\r\n\t\r\n\t\r\n<\/div>\n<div id=\"frm_field_22_container\" class=\"frm_form_field form-field  frm_required_field frm_none_container frm4 frm_first\">\r\n\t<label for=\"field_uh8q8\" id=\"field_uh8q8_label\" class=\"frm_primary_label\">Ville\r\n\t\t<span class=\"frm_required\" aria-hidden=\"true\">*<\/span>\r\n\t<\/label>\r\n\t<input  type=\"text\" id=\"field_uh8q8\" name=\"item_meta[22]\" value=\"\"  data-sectionid=\"17\"  placeholder=\"Ville\" data-reqmsg=\"Ville ne peut pas \u00eatre vide.\" aria-required=\"true\" data-invmsg=\"Ville n&#039;est pas valide\" aria-invalid=\"false\"   \/>\r\n\t\r\n\t\r\n<\/div>\n<div id=\"frm_field_23_container\" class=\"frm_form_field form-field  frm_required_field frm_none_container frm4\">\r\n\t<label for=\"field_reserve-zipcode\" id=\"field_reserve-zipcode_label\" class=\"frm_primary_label\">Code Postal\r\n\t\t<span class=\"frm_required\" aria-hidden=\"true\">*<\/span>\r\n\t<\/label>\r\n\t<input  type=\"text\" id=\"field_reserve-zipcode\" name=\"item_meta[23]\" value=\"\"  placeholder=\"Code Postal\" data-reqmsg=\"Code Postal ne peut pas \u00eatre vide.\" aria-required=\"true\" data-invmsg=\"Code Postal n&#039;est pas valide\" aria-invalid=\"false\"   \/>\r\n\t\r\n\t\r\n<\/div>\n<div id=\"frm_field_24_container\" class=\"frm_form_field form-field  frm_required_field frm_none_container frm4\">\r\n\t<label for=\"field_wvn3h\" id=\"field_wvn3h_label\" class=\"frm_primary_label\">Province\r\n\t\t<span class=\"frm_required\" aria-hidden=\"true\">*<\/span>\r\n\t<\/label>\r\n\t\t\t<select name=\"item_meta[24]\" id=\"field_wvn3h\"  data-placeholder=\"Province\"  data-frmval=\"Quebec\" data-frmplaceholder=\"Province\" placeholder=\"Province\" data-reqmsg=\"Province ne peut pas \u00eatre vide.\" aria-required=\"true\" data-invmsg=\"Province n&#039;est pas valide\" class=\"frm_slimselect\" aria-invalid=\"false\"  >\n\t\t<option  class=\"frm-select-placeholder\" value=\"\" data-placeholder=\"true\">Province<\/option><option  value=\"Alberta\">Alberta<\/option><option  value=\"British Columbia\">British Columbia<\/option><option  value=\"Manitoba\">Manitoba<\/option><option  value=\"New Brunswick\">New Brunswick<\/option><option  value=\"Newfoundland and Labrador\">Newfoundland and Labrador<\/option><option  value=\"Nova Scotia\">Nova Scotia<\/option><option  value=\"Ontario\">Ontario<\/option><option  value=\"Prince Edward Island\">Prince Edward Island<\/option><option  value=\"Quebec\" selected='selected'>Quebec<\/option><option  value=\"Saskatchewan\">Saskatchewan<\/option>\t<\/select>\n\t\r\n\t\r\n\t\r\n<\/div>\n<\/div>\n<div id=\"frm_field_26_container\" class=\"frm_form_field frm_section_heading form-field frm_inside_container\">\r\n<h3 class=\"frm_pos_inside frm_section_spacing\">CUEILLETTE DE DEVISE<\/h3>\r\n\r\n\r\n<div id=\"frm_field_27_container\" class=\"frm_form_field form-field  frm_required_field frm_none_container frm6 frm_first\">\r\n\t<label for=\"field_reserve-pickup-location\" id=\"field_reserve-pickup-location_label\" class=\"frm_primary_label\">Succursale\r\n\t\t<span class=\"frm_required\" aria-hidden=\"true\">*<\/span>\r\n\t<\/label>\r\n\t\t\t<select name=\"item_meta[27]\" id=\"field_reserve-pickup-location\"  data-sectionid=\"26\"  data-placeholder=\"Select your pickup location\"  placeholder=\"Select your pickup location\" data-reqmsg=\"Succursale ne peut pas \u00eatre vide.\" aria-required=\"true\" data-invmsg=\"Succursale n&#039;est pas valide\" aria-invalid=\"false\"  >\n\t\t<option  class=\"frm-select-placeholder\" value=\"\" data-placeholder=\"true\">Select your pickup location<\/option>\t<\/select>\n\t\r\n\t\r\n\t\r\n<\/div>\n<div id=\"frm_field_28_container\" class=\"frm_form_field form-field  frm_required_field frm_none_container frm6\">\r\n\t<label for=\"field_reserve-pickup-datepicker\" id=\"field_reserve-pickup-datepicker_label\" class=\"frm_primary_label\">Date de cueillette\r\n\t\t<span class=\"frm_required\" aria-hidden=\"true\">*<\/span>\r\n\t<\/label>\r\n\t<input type=\"text\" id=\"field_reserve-pickup-datepicker\" name=\"item_meta[28]\" value=\"\"  data-sectionid=\"26\"  maxlength=\"10\" placeholder=\"Date de cueillette\" data-reqmsg=\"Date de cueillette ne peut pas \u00eatre vide.\" aria-required=\"true\" data-invmsg=\"Date de cueillette n&#039;est pas valide\" class=\"frm_date\" aria-invalid=\"false\"  \/>\r\n\t\r\n\t\r\n<\/div>\n<div id=\"frm_field_29_container\" class=\"frm_form_field form-field  frm_none_container frm6 frm_first\">\r\n\t<label for=\"field_7qb28\" id=\"field_7qb28_label\" class=\"frm_primary_label\">Commentaire\r\n\t\t<span class=\"frm_required\" aria-hidden=\"true\"><\/span>\r\n\t<\/label>\r\n\t<textarea name=\"item_meta[29]\" id=\"field_7qb28\" rows=\"5\"  data-sectionid=\"26\"  placeholder=\"Commentaire\" data-invmsg=\"Commentaire n&#039;est pas valide\" aria-invalid=\"false\"  ><\/textarea>\r\n\t\r\n\t\r\n<\/div>\n<div id=\"frm_field_30_container\" class=\"frm_form_field form-field  frm_required_field frm_none_container frm6\">\r\n\t<label for=\"field_j1c6j\" id=\"field_j1c6j_label\" class=\"frm_primary_label\">R\u00e9f\u00e9rent\r\n\t\t<span class=\"frm_required\" aria-hidden=\"true\">*<\/span>\r\n\t<\/label>\r\n\t\t\t<select name=\"item_meta[30]\" id=\"field_j1c6j\"  data-sectionid=\"26\"  data-placeholder=\"Comment avez-vous entendu parler de Globex?\"  placeholder=\"Comment avez-vous entendu parler de Globex?\" data-reqmsg=\"R\u00e9f\u00e9rent ne peut pas \u00eatre vide.\" aria-required=\"true\" data-invmsg=\"R\u00e9f\u00e9rent n&#039;est pas valide\" aria-invalid=\"false\"  >\n\t\t<option  class=\"frm-select-placeholder\" value=\"\" data-placeholder=\"true\">Comment avez-vous entendu parler de Globex?<\/option><option  value=\"Already Client\">D\u00e9j\u00e0 client<\/option><option  value=\"App and\/or website\">Application et\/ou site web<\/option><option  value=\"News Paper\">Journaux<\/option><option  value=\"Yellow Pages\">Pages Jaunes<\/option><option  value=\"TV advertising\">Publicit\u00e9 t\u00e9l\u00e9vis\u00e9e<\/option><option  value=\"Radio\">Radio<\/option><option  value=\"Referral\">R\u00e9f\u00e9rence<\/option><option  value=\"Social Media \/ Internet\">R\u00e9seaux Sociaux \/ Internet<\/option><option  value=\"Billboard\">Tableau Publicitaire<\/option><option  value=\"Visit at Branch\">Visite en succursale<\/option>\t<\/select>\n\t\r\n\t\r\n\t\r\n<\/div>\n<div id=\"frm_field_31_container\" class=\"frm_form_field form-field  frm_none_container vertical_radio\">\r\n\t<div  id=\"field_p0azi_label\" class=\"frm_primary_label\">Cases \u00e0 cocher\r\n\t\t<span class=\"frm_required\" aria-hidden=\"true\"><\/span>\r\n\t<\/div>\r\n\t<div class=\"frm_opt_container\" aria-labelledby=\"field_p0azi_label\" role=\"group\">\t\t<div class=\"frm_checkbox\" id=\"frm_checkbox_31-26-0\">\t\t\t<label  for=\"field_p0azi-0\">\n\t\t\t<input type=\"checkbox\" name=\"item_meta[31][]\" id=\"field_p0azi-0\" value=\"Yes, add me to your mailing list!\"  data-sectionid=\"26\"  data-invmsg=\"Cases \u00e0 cocher est non valide\" aria-invalid=\"false\"   \/> Oui, s&rsquo;il vous pla\u00eet m&rsquo;ajouter \u00e0 votre liste d&rsquo;envoi.<\/label><\/div>\n<\/div>\r\n\t\r\n\t\r\n<\/div>\n<\/div>\n\t\t<input  type=\"hidden\" name=\"item_meta[33]\" id=\"field_reserve-order-id\" value=\"\"     \/>\n\t\t<input type=\"hidden\" name=\"item_meta[34]\" id=\"field_9eblo\" value=\"\" data-frmval=\"\"\/>\n<div id=\"frm_field_35_container\" class=\"frm_form_field form-field \">\r\n\t<div class=\"frm_submit frm_flex\">\r\n<button class=\"frm_button_submit frm_final_submit\" type=\"submit\"   formnovalidate=\"formnovalidate\">R\u00e9servez d\u00e8s maintenant<\/button>\r\n\r\n\r\n\r\n<\/div>\r\n<\/div>\n\t<input type=\"hidden\" name=\"item_key\" value=\"\" \/>\n\t\t\t<div id=\"frm_field_44_container\">\n\t\t\t<label for=\"field_vvned\" >\n\t\t\t\tSi vous \u00eates un humain, ne remplissez pas ce champ.\t\t\t<\/label>\n\t\t\t<input  id=\"field_vvned\" type=\"text\" class=\"frm_form_field form-field frm_verify\" name=\"item_meta[44]\" value=\"\"  \/>\n\t\t<\/div>\n\t\t<input name=\"frm_state\" type=\"hidden\" value=\"mPiuM9ptK9tBBk0v0F88f7NWofLMp6z3unEkjOTZ2NpwRYEc7fI8DlN4rPOzTFfb\" \/><\/div>\n<\/fieldset>\n<\/div>\n\n<\/form>\n<\/div>\n","protected":false},"excerpt":{"rendered":"","protected":false},"author":1,"featured_media":0,"parent":0,"menu_order":0,"comment_status":"closed","ping_status":"closed","template":"page-reserve-v2.php","meta":{"_acf_changed":false,"footnotes":""},"class_list":["post-214","page","type-page","status-publish","hentry"],"acf":[],"_links":{"self":[{"href":"https:\/\/globex2000.ca\/fr\/wp-json\/wp\/v2\/pages\/214","targetHints":{"allow":["GET"]}}],"collection":[{"href":"https:\/\/globex2000.ca\/fr\/wp-json\/wp\/v2\/pages"}],"about":[{"href":"https:\/\/globex2000.ca\/fr\/wp-json\/wp\/v2\/types\/page"}],"author":[{"embeddable":true,"href":"https:\/\/globex2000.ca\/fr\/wp-json\/wp\/v2\/users\/1"}],"replies":[{"embeddable":true,"href":"https:\/\/globex2000.ca\/fr\/wp-json\/wp\/v2\/comments?post=214"}],"version-history":[{"count":17,"href":"https:\/\/globex2000.ca\/fr\/wp-json\/wp\/v2\/pages\/214\/revisions"}],"predecessor-version":[{"id":1736,"href":"https:\/\/globex2000.ca\/fr\/wp-json\/wp\/v2\/pages\/214\/revisions\/1736"}],"wp:attachment":[{"href":"https:\/\/globex2000.ca\/fr\/wp-json\/wp\/v2\/media?parent=214"}],"curies":[{"name":"wp","href":"https:\/\/api.w.org\/{rel}","templated":true}]}}