{"id":217,"date":"2016-05-11T06:18:55","date_gmt":"2016-05-11T06:18:55","guid":{"rendered":"http:\/\/wp.globex.dev\/?page_id=217"},"modified":"2016-10-28T20:04:41","modified_gmt":"2016-10-28T20:04:41","slug":"termes-et-conditions","status":"publish","type":"page","link":"https:\/\/globex2000.ca\/fr\/termes-et-conditions\/","title":{"rendered":"Termes et conditions"},"content":{"rendered":"<div id=\"descriptionmodule\" class=\"module toggle-wrap\">\n<div class=\"mod-content\">\n<div id=\"description-val\" class=\"field-ignore-highlight editable-field inactive\" title=\"Click to edit\">\n<div class=\"user-content-block\">\n<h2>Termes et conditions pour la r\u00e9servation en ligne:<\/h2>\n<p>R\u00e9servations en ligne maximum est de 2500.00 CAD<br \/>\nS&rsquo;il vous pla\u00eet prendre note que toutes les commandes prennent entre 48-72 heures (selon la disponibilit\u00e9 des devises) \u00e0 \u00eatre re\u00e7ue dans la succursale de votre choix. Une fois que la commande a \u00e9t\u00e9 trait\u00e9e par vous, une confirmation sera g\u00e9n\u00e9r\u00e9e par Globex confirmant la r\u00e9ception de votre commande. La commande sera ensuite trait\u00e9e et compl\u00e9t\u00e9e par Globex et ce dernier vous enverra un deuxi\u00e8me courriel avec la date et l&rsquo;heure du ramassage de votre commande. S&rsquo;il vous pla\u00eet, ne pas vous d\u00e9placer avant de recevoir la deuxi\u00e8me confirmation que votre commande est belle et bien pr\u00eate avant de vous d\u00e9placer. Vous devez fournir les informations demand\u00e9es au cours du processus de commande pour nous permettre de traiter votre commande. Nous nous r\u00e9servons le droit de vous demander des renseignements compl\u00e9mentaires \u00e0 tout moment pour nous permettre de compl\u00e9ter votre commande et \/ ou de se conformer \u00e0 CANAFE et \/ ou les exigences r\u00e9glementaires de LESM. Nous utiliserons certaines proc\u00e9dures pour authentifier chaque transaction et votre commande pourra \u00eatre d\u00e9clin\u00e9e en tout temps si ces proc\u00e9dures d&rsquo;authenticit\u00e9 portent une anomalie quelconque. En passant une commande, vous confirmez que les d\u00e9tails contenus dans l&rsquo;ordre sont exacts \u00e0 tous \u00e9gards.<\/p>\n<h2>Termes et conditions pour l&rsquo;achat et la livraison en ligne:<\/h2>\n<p>Commande en ligne le minimum est de 200,00 CAD non compris les frais d&rsquo;exp\u00e9dition et le montant maximum est de 2500.00 CAD par client \/ par adresse dans une p\u00e9riode de 24 heures.<br \/>\nLa commande sera livr\u00e9e dans les 3-4 jours ouvrables (selon la disponibilit\u00e9 des devises). Veuillez prendre note que les fins des semaines et les jours f\u00e9ri\u00e9s ne sont pas consid\u00e9r\u00e9s comme jours ouvrables. L&rsquo;adresse de facturation ainsi que l&rsquo;adresse de livraison doivent \u00eatre les m\u00eames et celle-ci au Canada. Livraison: Nous utilisons un agent de livraison pour assurer que votre commande est livr\u00e9e dans la mani\u00e8re la plus efficace. Toutes les commandes de livraison \u00e0 domicile sont envoy\u00e9s par Fedex\/Purolator (ou autre transporteur d\u00e9sign\u00e9). S&rsquo;il vous pla\u00eet noter que les d\u00e9lais de livraison peuvent varier, mais les commandes sont pr\u00e9vues dans les 48 heures suivant la livraison de la confirmation de la commande. Un num\u00e9ro de t\u00e9l\u00e9phone est n\u00e9cessaire pour la livraison \u00e0 domicile et notre repr\u00e9sentant peut vous contacter pour v\u00e9rifier votre num\u00e9ro de t\u00e9l\u00e9phone. Nous nous r\u00e9servons le droit de vous demander des renseignements compl\u00e9mentaires \u00e0 tout moment pour nous permettre de compl\u00e9ter votre commande et \/ ou de se conformer \u00e0 CANAFE et \/ ou les exigences r\u00e9glementaires de LESM. Nous utiliserons certaines proc\u00e9dures pour authentifier chaque transaction et votre commande pourra \u00eatre d\u00e9clin\u00e9e en tout temps si ces proc\u00e9dures d&rsquo;authenticit\u00e9 portent une anomalie quelconque. En passant une commande, vous confirmez que les d\u00e9tails contenus dans l&rsquo;ordre sont exacts \u00e0 tous \u00e9gards.<\/p>\n<h2>Paiement<\/h2>\n<p>Globex 2000 accepte les paiements par carte de d\u00e9bit en ligne; nous n&rsquo;acceptons pas les cartes de cr\u00e9dit. Votre commande ne sera compl\u00e9t\u00e9e que lorsque le paiement aura \u00e9t\u00e9 re\u00e7u.<\/p>\n<h2>Annulation et Politiques de retour<\/h2>\n<p>Les d\u00e9tails de la commande ne peuvent pas \u00eatre modifi\u00e9s ou annul\u00e9s une fois le paiement effectu\u00e9. Une fois que la commande est confirm\u00e9e et l&rsquo;exp\u00e9dition a \u00e9t\u00e9 pr\u00e9vue pour la livraison, aucune annulation ne sera accept\u00e9e. Nous nous r\u00e9servons le droit d&rsquo;annuler les commandes \u00e0 tout moment avant le d\u00e9p\u00f4t de la monnaie \u00e9trang\u00e8re. Si vous souhaitez annuler une commande d\u00e9j\u00e0 pay\u00e9e et termin\u00e9e, vous devrez communiquer avec notre service \u00e0 la client\u00e8le au 1-877-933-2555.<\/p>\n<p>Politique d&rsquo;annulation 24 heures : Si vous avez plac\u00e9 une commande pour la livraison \u00e0 domicile, cette commande peut \u00eatre annul\u00e9e jusqu&rsquo;\u00e0 24 heures suivant le placement de cette derni\u00e8re (tant que votre commande n&rsquo;a pas \u00e9t\u00e9 exp\u00e9di\u00e9e pour la livraison) et nous vous rembourserons le montant que vous avez pay\u00e9 pour votre commande moins les frais d&rsquo;administration de 20.00 dollars, \u00e0 l&rsquo;exclusion des frais des \u00e9metteurs de cartes applicables.<\/p>\n<p>Apr\u00e8s 24 heures Politique d&rsquo;annulation: Si vous annulez votre commande pour la livraison \u00e0 domicile 24 heures apr\u00e8s que votre commande a \u00e9t\u00e9 plac\u00e9e, mais au moins 2 jours ouvrables avant la date de livraison pr\u00e9vue, nous vous rembourserons votre commande aux taux du jour le jour de l&rsquo;annulation. Veuillez prendre note que les taux de change fluctuent tous les jours, nous ne pouvons donc pas garantir que vous allez obtenir le m\u00eame taux de change que lorsque votre commande a \u00e9t\u00e9 plac\u00e9e. En aucun cas Globex vous remboursera plus que le montant que vous avez pay\u00e9 pour votre commande.<\/p>\n<\/div>\n<\/div>\n<\/div>\n<\/div>\n","protected":false},"excerpt":{"rendered":"Termes et conditions pour la r\u00e9servation en ligne: R\u00e9servations en ligne maximum est de 2500.00 CAD S&rsquo;il vous pla\u00eet prendre note que toutes les commandes prennent entre 48-72 heures (selon la disponibilit\u00e9 des devises) \u00e0 \u00eatre re\u00e7ue dans la succursale de votre choix. Une fois que la commande a \u00e9t\u00e9 trait\u00e9e par vous, une confirmation&#8230; <a class=\"view-article\" href=\"https:\/\/globex2000.ca\/fr\/termes-et-conditions\/\">Voir l&rsquo;article<\/a>","protected":false},"author":1,"featured_media":0,"parent":0,"menu_order":0,"comment_status":"closed","ping_status":"closed","template":"templates\/text.php","meta":{"_acf_changed":false,"footnotes":""},"class_list":["post-217","page","type-page","status-publish","hentry"],"acf":[],"_links":{"self":[{"href":"https:\/\/globex2000.ca\/fr\/wp-json\/wp\/v2\/pages\/217","targetHints":{"allow":["GET"]}}],"collection":[{"href":"https:\/\/globex2000.ca\/fr\/wp-json\/wp\/v2\/pages"}],"about":[{"href":"https:\/\/globex2000.ca\/fr\/wp-json\/wp\/v2\/types\/page"}],"author":[{"embeddable":true,"href":"https:\/\/globex2000.ca\/fr\/wp-json\/wp\/v2\/users\/1"}],"replies":[{"embeddable":true,"href":"https:\/\/globex2000.ca\/fr\/wp-json\/wp\/v2\/comments?post=217"}],"version-history":[{"count":10,"href":"https:\/\/globex2000.ca\/fr\/wp-json\/wp\/v2\/pages\/217\/revisions"}],"predecessor-version":[{"id":796,"href":"https:\/\/globex2000.ca\/fr\/wp-json\/wp\/v2\/pages\/217\/revisions\/796"}],"wp:attachment":[{"href":"https:\/\/globex2000.ca\/fr\/wp-json\/wp\/v2\/media?parent=217"}],"curies":[{"name":"wp","href":"https:\/\/api.w.org\/{rel}","templated":true}]}}