{"id":274,"date":"2016-06-20T09:52:55","date_gmt":"2016-06-20T09:52:55","guid":{"rendered":"http:\/\/wp.globex.dev\/?page_id=274"},"modified":"2017-11-20T16:49:42","modified_gmt":"2017-11-20T16:49:42","slug":"commandez-les-devises-en-ligne","status":"publish","type":"page","link":"https:\/\/globex2000.ca\/fr\/commandez-les-devises-en-ligne\/","title":{"rendered":"Commandez les Devises en Ligne"},"content":{"rendered":"<p>R\u00e9servez en ligne et ramassez \u00e0 la succursale: R\u00e9servez vos devises en ligne et ramassez votre commande \u00e0 l&rsquo;une de nos succursales de votre choix. Aucun paiement n\u00e9cessaire! Les taux de change sont assujettis \u00e0 des changements sans pr\u00e9avis. Les r\u00e9servations en ligne r\u00e9servent seulement les devises mais pas les taux de change. Vous devrez payer le taux du jour lorsque vous r\u00e9cup\u00e9rez votre commande. <a href=\"\/fr\/termes-et-conditions\/\">Cliquez ici pour les conditions d&rsquo;utilisation.<\/a> <\/p>\n<p><a href=\"\/fr\/commande-de-devises\/\">Cliquez ici pour faire votre r\u00e9servation.<\/a><\/p>\n","protected":false},"excerpt":{"rendered":"R\u00e9servez en ligne et ramassez \u00e0 la succursale: R\u00e9servez vos devises en ligne et ramassez votre commande \u00e0 l&rsquo;une de nos succursales de votre choix. Aucun paiement n\u00e9cessaire! Les taux de change sont assujettis \u00e0 des changements sans pr\u00e9avis. Les r\u00e9servations en ligne r\u00e9servent seulement les devises mais pas les taux de change. Vous devrez&#8230; <a class=\"view-article\" href=\"https:\/\/globex2000.ca\/fr\/commandez-les-devises-en-ligne\/\">Voir l&rsquo;article<\/a>","protected":false},"author":1,"featured_media":0,"parent":0,"menu_order":0,"comment_status":"closed","ping_status":"closed","template":"templates\/text.php","meta":{"_acf_changed":false,"footnotes":""},"class_list":["post-274","page","type-page","status-publish","hentry"],"acf":[],"_links":{"self":[{"href":"https:\/\/globex2000.ca\/fr\/wp-json\/wp\/v2\/pages\/274","targetHints":{"allow":["GET"]}}],"collection":[{"href":"https:\/\/globex2000.ca\/fr\/wp-json\/wp\/v2\/pages"}],"about":[{"href":"https:\/\/globex2000.ca\/fr\/wp-json\/wp\/v2\/types\/page"}],"author":[{"embeddable":true,"href":"https:\/\/globex2000.ca\/fr\/wp-json\/wp\/v2\/users\/1"}],"replies":[{"embeddable":true,"href":"https:\/\/globex2000.ca\/fr\/wp-json\/wp\/v2\/comments?post=274"}],"version-history":[{"count":11,"href":"https:\/\/globex2000.ca\/fr\/wp-json\/wp\/v2\/pages\/274\/revisions"}],"predecessor-version":[{"id":276,"href":"https:\/\/globex2000.ca\/fr\/wp-json\/wp\/v2\/pages\/274\/revisions\/276"}],"wp:attachment":[{"href":"https:\/\/globex2000.ca\/fr\/wp-json\/wp\/v2\/media?parent=274"}],"curies":[{"name":"wp","href":"https:\/\/api.w.org\/{rel}","templated":true}]}}