{"id":287,"date":"2016-06-20T10:06:34","date_gmt":"2016-06-20T10:06:34","guid":{"rendered":"http:\/\/wp.globex.dev\/?page_id=287"},"modified":"2017-02-09T19:32:01","modified_gmt":"2017-02-09T19:32:01","slug":"virements-bancaires-sortants","status":"publish","type":"page","link":"https:\/\/globex2000.ca\/fr\/virements-bancaires-sortants\/","title":{"rendered":"Virements Bancaires sortants"},"content":{"rendered":"<p>L\u2019envoi d\u2019argent par virement bancaire \u00e0 l\u2019\u00e9chelle nationale ou internationale est l\u2019une des m\u00e9thodes les plus courantes et s\u00fbres de transfert d\u2019argent. Avec Globex 2000, les frais de transferts sont beaucoup moins \u00e9lev\u00e9s que ceux des banques et peuvent \u00eatre fait beaucoup plus rapidement que dans la plupart des banques. Si vous souhaitez obtenir votre transfert \u00e0 sa destination internationale \u00e0 la h\u00e2te, informez-vous sur notre service de virement rapide dans de nombreux pays \u00e0 travers le monde (certains pays ne disposent pas de ce service).<\/p>\n<p><a href=\"liens\/formulaires\/\">Voir tous les formulaires<\/a><\/p>\n","protected":false},"excerpt":{"rendered":"L\u2019envoi d\u2019argent par virement bancaire \u00e0 l\u2019\u00e9chelle nationale ou internationale est l\u2019une des m\u00e9thodes les plus courantes et s\u00fbres de transfert d\u2019argent. Avec Globex 2000, les frais de transferts sont beaucoup moins \u00e9lev\u00e9s que ceux des banques et peuvent \u00eatre fait beaucoup plus rapidement que dans la plupart des banques. Si vous souhaitez obtenir votre&#8230; <a class=\"view-article\" href=\"https:\/\/globex2000.ca\/fr\/virements-bancaires-sortants\/\">Voir l&rsquo;article<\/a>","protected":false},"author":1,"featured_media":0,"parent":0,"menu_order":0,"comment_status":"closed","ping_status":"closed","template":"templates\/text.php","meta":{"_acf_changed":false,"footnotes":""},"class_list":["post-287","page","type-page","status-publish","hentry"],"acf":[],"_links":{"self":[{"href":"https:\/\/globex2000.ca\/fr\/wp-json\/wp\/v2\/pages\/287","targetHints":{"allow":["GET"]}}],"collection":[{"href":"https:\/\/globex2000.ca\/fr\/wp-json\/wp\/v2\/pages"}],"about":[{"href":"https:\/\/globex2000.ca\/fr\/wp-json\/wp\/v2\/types\/page"}],"author":[{"embeddable":true,"href":"https:\/\/globex2000.ca\/fr\/wp-json\/wp\/v2\/users\/1"}],"replies":[{"embeddable":true,"href":"https:\/\/globex2000.ca\/fr\/wp-json\/wp\/v2\/comments?post=287"}],"version-history":[{"count":9,"href":"https:\/\/globex2000.ca\/fr\/wp-json\/wp\/v2\/pages\/287\/revisions"}],"predecessor-version":[{"id":810,"href":"https:\/\/globex2000.ca\/fr\/wp-json\/wp\/v2\/pages\/287\/revisions\/810"}],"wp:attachment":[{"href":"https:\/\/globex2000.ca\/fr\/wp-json\/wp\/v2\/media?parent=287"}],"curies":[{"name":"wp","href":"https:\/\/api.w.org\/{rel}","templated":true}]}}