{"id":297,"date":"2016-06-20T10:09:57","date_gmt":"2016-06-20T10:09:57","guid":{"rendered":"http:\/\/wp.globex.dev\/?page_id=297"},"modified":"2017-02-09T17:21:27","modified_gmt":"2017-02-09T17:21:27","slug":"clients-privees","status":"publish","type":"page","link":"https:\/\/globex2000.ca\/fr\/clients-privees\/","title":{"rendered":"Clients Priv\u00e9s"},"content":{"rendered":"<p>Globex 2000 offre le service de paiement aux clients priv\u00e9s, par exemple, \u00e0 des individus, des \u00e9coles et d&rsquo;autres organisations priv\u00e9es ; ou encore si vous poss\u00e9dez des biens aux \u00c9tats-Unis o\u00f9 vous devez effectuer des paiements tels que les loyers, les frais de copropri\u00e9t\u00e9, les imp\u00f4ts fonciers, les assurances, les services publics, etc. ; si vous achetez des produits r\u00e9guli\u00e8rement \u00e0 l&rsquo;ext\u00e9rieur du Canada ; si vous \u00eates des parents d&rsquo;enfants qui \u00e9tudient \u00e0 l&rsquo;\u00e9tranger et que vous souhaitez envoyer les frais de subsistance, les frais de scolarit\u00e9, etc.<\/p>\n<p>Pour plus des renseignements, s&rsquo;il vous pla\u00eet contacter Globex au 1-877-933-2555.<\/p>\n","protected":false},"excerpt":{"rendered":"Globex 2000 offre le service de paiement aux clients priv\u00e9s, par exemple, \u00e0 des individus, des \u00e9coles et d&rsquo;autres organisations priv\u00e9es ; ou encore si vous poss\u00e9dez des biens aux \u00c9tats-Unis o\u00f9 vous devez effectuer des paiements tels que les loyers, les frais de copropri\u00e9t\u00e9, les imp\u00f4ts fonciers, les assurances, les services publics, etc. ;&#8230; <a class=\"view-article\" href=\"https:\/\/globex2000.ca\/fr\/clients-privees\/\">Voir l&rsquo;article<\/a>","protected":false},"author":1,"featured_media":0,"parent":0,"menu_order":0,"comment_status":"closed","ping_status":"closed","template":"templates\/text.php","meta":{"_acf_changed":false,"footnotes":""},"class_list":["post-297","page","type-page","status-publish","hentry"],"acf":[],"_links":{"self":[{"href":"https:\/\/globex2000.ca\/fr\/wp-json\/wp\/v2\/pages\/297","targetHints":{"allow":["GET"]}}],"collection":[{"href":"https:\/\/globex2000.ca\/fr\/wp-json\/wp\/v2\/pages"}],"about":[{"href":"https:\/\/globex2000.ca\/fr\/wp-json\/wp\/v2\/types\/page"}],"author":[{"embeddable":true,"href":"https:\/\/globex2000.ca\/fr\/wp-json\/wp\/v2\/users\/1"}],"replies":[{"embeddable":true,"href":"https:\/\/globex2000.ca\/fr\/wp-json\/wp\/v2\/comments?post=297"}],"version-history":[{"count":6,"href":"https:\/\/globex2000.ca\/fr\/wp-json\/wp\/v2\/pages\/297\/revisions"}],"predecessor-version":[{"id":807,"href":"https:\/\/globex2000.ca\/fr\/wp-json\/wp\/v2\/pages\/297\/revisions\/807"}],"wp:attachment":[{"href":"https:\/\/globex2000.ca\/fr\/wp-json\/wp\/v2\/media?parent=297"}],"curies":[{"name":"wp","href":"https:\/\/api.w.org\/{rel}","templated":true}]}}