{"id":309,"date":"2016-06-20T10:13:39","date_gmt":"2016-06-20T10:13:39","guid":{"rendered":"http:\/\/wp.globex.dev\/?page_id=309"},"modified":"2018-03-12T20:27:16","modified_gmt":"2018-03-12T20:27:16","slug":"services-corporatives","status":"publish","type":"page","link":"https:\/\/globex2000.ca\/fr\/services-corporatives\/","title":{"rendered":"Entreprises"},"content":{"rendered":"<p>Avec plus de 17 ans d\u2019exp\u00e9rience dans l\u2019industrie, Globex 2000 se distingue de la concurrence en offrant des tarifs comp\u00e9titifs de change pour les devises mondiales avec la commodit\u00e9, la rapidit\u00e9, et un service in\u00e9gal\u00e9. Les entreprises locales et nationales peuvent compter sur nos conseils pratiques des courtiers en devises exp\u00e9riment\u00e9s.<\/p>\n<p>L\u2019envoi d\u2019argent par virement bancaire \u00e0 l\u2019\u00e9chelle nationale ou internationale est l\u2019une des m\u00e9thodes les plus courantes et fiables de transfert d\u2019argent. Avec Globex 2000, les frais de transferts sont beaucoup moins \u00e9lev\u00e9s que les banques et peuvent \u00eatre fait beaucoup plus rapidement que dans la plupart des banques. Si vous souhaitez obtenir votre transfert \u00e0 sa destination internationale \u00e0 la h\u00e2te, informez-vous sur notre service de virement le jour-m\u00eame dans de nombreux pays \u00e0 travers le monde. (Certains pays ne disposent pas de ce service).<\/p>\n<p>Services de Ch\u00e8ques: Globex 2000 offre des services de valeur pour votre entreprise : pour votre commodit\u00e9 sont compris: Livraison et ramassage \u00e0 votre bureau ou venir cherchez votre commande chez l\u2019un de nos cinq succursales. Globex assure tous les ch\u00e8ques am\u00e9ricains sont tir\u00e9s sur un compte bancaire am\u00e9ricaine et d\u00e9gag\u00e9s \u00e0 travers le syst\u00e8me de compensation am\u00e9ricaine.<\/p>\n","protected":false},"excerpt":{"rendered":"Avec plus de 17 ans d\u2019exp\u00e9rience dans l\u2019industrie, Globex 2000 se distingue de la concurrence en offrant des tarifs comp\u00e9titifs de change pour les devises mondiales avec la commodit\u00e9, la rapidit\u00e9, et un service in\u00e9gal\u00e9. Les entreprises locales et nationales peuvent compter sur nos conseils pratiques des courtiers en devises exp\u00e9riment\u00e9s. L\u2019envoi d\u2019argent par virement&#8230; <a class=\"view-article\" href=\"https:\/\/globex2000.ca\/fr\/services-corporatives\/\">Voir l&rsquo;article<\/a>","protected":false},"author":1,"featured_media":0,"parent":0,"menu_order":0,"comment_status":"closed","ping_status":"closed","template":"templates\/text.php","meta":{"_acf_changed":false,"footnotes":""},"class_list":["post-309","page","type-page","status-publish","hentry"],"acf":[],"_links":{"self":[{"href":"https:\/\/globex2000.ca\/fr\/wp-json\/wp\/v2\/pages\/309","targetHints":{"allow":["GET"]}}],"collection":[{"href":"https:\/\/globex2000.ca\/fr\/wp-json\/wp\/v2\/pages"}],"about":[{"href":"https:\/\/globex2000.ca\/fr\/wp-json\/wp\/v2\/types\/page"}],"author":[{"embeddable":true,"href":"https:\/\/globex2000.ca\/fr\/wp-json\/wp\/v2\/users\/1"}],"replies":[{"embeddable":true,"href":"https:\/\/globex2000.ca\/fr\/wp-json\/wp\/v2\/comments?post=309"}],"version-history":[{"count":11,"href":"https:\/\/globex2000.ca\/fr\/wp-json\/wp\/v2\/pages\/309\/revisions"}],"predecessor-version":[{"id":854,"href":"https:\/\/globex2000.ca\/fr\/wp-json\/wp\/v2\/pages\/309\/revisions\/854"}],"wp:attachment":[{"href":"https:\/\/globex2000.ca\/fr\/wp-json\/wp\/v2\/media?parent=309"}],"curies":[{"name":"wp","href":"https:\/\/api.w.org\/{rel}","templated":true}]}}