{"id":313,"date":"2016-06-20T10:15:42","date_gmt":"2016-06-20T10:15:42","guid":{"rendered":"http:\/\/wp.globex.dev\/?page_id=313"},"modified":"2017-02-09T17:55:36","modified_gmt":"2017-02-09T17:55:36","slug":"buy-back","status":"publish","type":"page","link":"https:\/\/globex2000.ca\/fr\/buy-back\/","title":{"rendered":"Programme de Rachat"},"content":{"rendered":"<p>Nous avons toujours un vaste inventaire des devises internationales. Des monnaies \u00e0 partir d\u2019un grand nombre de pays en bon \u00e9tat et dans diff\u00e9rentes d\u00e9nominations. Contactez-nous pour savoir quelle devise vous aurez besoin pour vos voyages ou consultez la liste <a href=\"\/fr\/denominations-de-devises\/\">ici.<\/a><\/p>\n<p>Il est difficile d\u2019\u00e9valuer le montant des devises que vous devrez apporter avec vous en voyage, puisque vous ne voulez pas en manquer ou en avoir trop et \u00eatre coinc\u00e9 avec au retour. Si vous vous retrouvez avec des billets inutilis\u00e9e, nous allons racheter jusqu\u2019\u00e0 50% de votre achat initial (maximum de 1000 $ CAD) dans les 30 jours au m\u00eame taux que vous avez pay\u00e9, gr\u00e2ce \u00e0 notre garantie de rachat. Tout ce dont nous avons besoin est votre re\u00e7u d\u2019achat ainsi qu\u2019une preuve que vous avez voyag\u00e9 (par exemple un billet d\u2019avion, un re\u00e7u d\u2019achat fait \u00e0 l\u2019\u00e9tranger, ou encore un passeport tamponn\u00e9).<\/p>\n","protected":false},"excerpt":{"rendered":"Nous avons toujours un vaste inventaire des devises internationales. Des monnaies \u00e0 partir d\u2019un grand nombre de pays en bon \u00e9tat et dans diff\u00e9rentes d\u00e9nominations. Contactez-nous pour savoir quelle devise vous aurez besoin pour vos voyages ou consultez la liste ici. Il est difficile d\u2019\u00e9valuer le montant des devises que vous devrez apporter avec vous&#8230; <a class=\"view-article\" href=\"https:\/\/globex2000.ca\/fr\/buy-back\/\">Voir l&rsquo;article<\/a>","protected":false},"author":1,"featured_media":0,"parent":0,"menu_order":0,"comment_status":"closed","ping_status":"closed","template":"templates\/text.php","meta":{"_acf_changed":false,"footnotes":""},"class_list":["post-313","page","type-page","status-publish","hentry"],"acf":[],"_links":{"self":[{"href":"https:\/\/globex2000.ca\/fr\/wp-json\/wp\/v2\/pages\/313","targetHints":{"allow":["GET"]}}],"collection":[{"href":"https:\/\/globex2000.ca\/fr\/wp-json\/wp\/v2\/pages"}],"about":[{"href":"https:\/\/globex2000.ca\/fr\/wp-json\/wp\/v2\/types\/page"}],"author":[{"embeddable":true,"href":"https:\/\/globex2000.ca\/fr\/wp-json\/wp\/v2\/users\/1"}],"replies":[{"embeddable":true,"href":"https:\/\/globex2000.ca\/fr\/wp-json\/wp\/v2\/comments?post=313"}],"version-history":[{"count":8,"href":"https:\/\/globex2000.ca\/fr\/wp-json\/wp\/v2\/pages\/313\/revisions"}],"predecessor-version":[{"id":808,"href":"https:\/\/globex2000.ca\/fr\/wp-json\/wp\/v2\/pages\/313\/revisions\/808"}],"wp:attachment":[{"href":"https:\/\/globex2000.ca\/fr\/wp-json\/wp\/v2\/media?parent=313"}],"curies":[{"name":"wp","href":"https:\/\/api.w.org\/{rel}","templated":true}]}}