{"id":330,"date":"2016-06-20T10:23:37","date_gmt":"2016-06-20T10:23:37","guid":{"rendered":"http:\/\/wp.globex.dev\/?page_id=330"},"modified":"2018-03-12T21:09:56","modified_gmt":"2018-03-12T21:09:56","slug":"virements-bancaires-entrants-2","status":"publish","type":"page","link":"https:\/\/globex2000.ca\/fr\/virements-bancaires-entrants-2\/","title":{"rendered":"Virements Bancaires entrants"},"content":{"rendered":"<p>Si vous avez un compte \u00e0 l\u2019\u00e9tranger et que vous souhaitez transf\u00e9rer de l\u2019argent au Canada, Globex 2000 peut recevoir vos fonds de votre banque et vous payer ici en dollars canadiens. S\u2019il vous pla\u00eet, veuillez contacter un de nos repr\u00e9sentants pour plus de d\u00e9tails au 1-877-933-2555. Veuillez noter que certaines restrictions s\u2019appliquent et varient d\u2019un pays \u00e0 l\u2019autre.<\/p>\n","protected":false},"excerpt":{"rendered":"Si vous avez un compte \u00e0 l\u2019\u00e9tranger et que vous souhaitez transf\u00e9rer de l\u2019argent au Canada, Globex 2000 peut recevoir vos fonds de votre banque et vous payer ici en dollars canadiens. S\u2019il vous pla\u00eet, veuillez contacter un de nos repr\u00e9sentants pour plus de d\u00e9tails au 1-877-933-2555. Veuillez noter que certaines restrictions s\u2019appliquent et varient&#8230; <a class=\"view-article\" href=\"https:\/\/globex2000.ca\/fr\/virements-bancaires-entrants-2\/\">Voir l&rsquo;article<\/a>","protected":false},"author":1,"featured_media":0,"parent":0,"menu_order":0,"comment_status":"closed","ping_status":"closed","template":"templates\/text.php","meta":{"_acf_changed":false,"footnotes":""},"class_list":["post-330","page","type-page","status-publish","hentry"],"acf":[],"_links":{"self":[{"href":"https:\/\/globex2000.ca\/fr\/wp-json\/wp\/v2\/pages\/330","targetHints":{"allow":["GET"]}}],"collection":[{"href":"https:\/\/globex2000.ca\/fr\/wp-json\/wp\/v2\/pages"}],"about":[{"href":"https:\/\/globex2000.ca\/fr\/wp-json\/wp\/v2\/types\/page"}],"author":[{"embeddable":true,"href":"https:\/\/globex2000.ca\/fr\/wp-json\/wp\/v2\/users\/1"}],"replies":[{"embeddable":true,"href":"https:\/\/globex2000.ca\/fr\/wp-json\/wp\/v2\/comments?post=330"}],"version-history":[{"count":5,"href":"https:\/\/globex2000.ca\/fr\/wp-json\/wp\/v2\/pages\/330\/revisions"}],"predecessor-version":[{"id":805,"href":"https:\/\/globex2000.ca\/fr\/wp-json\/wp\/v2\/pages\/330\/revisions\/805"}],"wp:attachment":[{"href":"https:\/\/globex2000.ca\/fr\/wp-json\/wp\/v2\/media?parent=330"}],"curies":[{"name":"wp","href":"https:\/\/api.w.org\/{rel}","templated":true}]}}