{"id":340,"date":"2016-06-20T10:27:20","date_gmt":"2016-06-20T10:27:20","guid":{"rendered":"http:\/\/wp.globex.dev\/?page_id=340"},"modified":"2017-02-09T17:57:23","modified_gmt":"2017-02-09T17:57:23","slug":"transactions-de-gros-montants-2","status":"publish","type":"page","link":"https:\/\/globex2000.ca\/fr\/transactions-de-gros-montants-2\/","title":{"rendered":"Transactions de Gros Montants"},"content":{"rendered":"<p>Globex 2000 est en mesure de fournir \u00e0 ses clients de gros montants (excluant argent comptant) avec un taux pr\u00e9f\u00e9rentiel pour des transactions de 10,000.00 CAD et plus. Nous sommes r\u00e9solus \u00e0 veiller \u00e0 ce que vous recevez le service le plus professionnel et fiable disponible. Toutefois, afin de mieux vous servir, veuillez appeler et parler avec l\u2019un de nos repr\u00e9sentants au 1 877-933-2555 \u00e0 l\u2019avance pour toutes les op\u00e9rations importantes en esp\u00e8ces avant de vous pr\u00e9senter \u00e0 l\u2019une de nos succursales.<\/p>\n","protected":false},"excerpt":{"rendered":"Globex 2000 est en mesure de fournir \u00e0 ses clients de gros montants (excluant argent comptant) avec un taux pr\u00e9f\u00e9rentiel pour des transactions de 10,000.00 CAD et plus. Nous sommes r\u00e9solus \u00e0 veiller \u00e0 ce que vous recevez le service le plus professionnel et fiable disponible. Toutefois, afin de mieux vous servir, veuillez appeler et&#8230; <a class=\"view-article\" href=\"https:\/\/globex2000.ca\/fr\/transactions-de-gros-montants-2\/\">Voir l&rsquo;article<\/a>","protected":false},"author":1,"featured_media":0,"parent":0,"menu_order":0,"comment_status":"closed","ping_status":"closed","template":"templates\/text.php","meta":{"_acf_changed":false,"footnotes":""},"class_list":["post-340","page","type-page","status-publish","hentry"],"acf":[],"_links":{"self":[{"href":"https:\/\/globex2000.ca\/fr\/wp-json\/wp\/v2\/pages\/340","targetHints":{"allow":["GET"]}}],"collection":[{"href":"https:\/\/globex2000.ca\/fr\/wp-json\/wp\/v2\/pages"}],"about":[{"href":"https:\/\/globex2000.ca\/fr\/wp-json\/wp\/v2\/types\/page"}],"author":[{"embeddable":true,"href":"https:\/\/globex2000.ca\/fr\/wp-json\/wp\/v2\/users\/1"}],"replies":[{"embeddable":true,"href":"https:\/\/globex2000.ca\/fr\/wp-json\/wp\/v2\/comments?post=340"}],"version-history":[{"count":6,"href":"https:\/\/globex2000.ca\/fr\/wp-json\/wp\/v2\/pages\/340\/revisions"}],"predecessor-version":[{"id":855,"href":"https:\/\/globex2000.ca\/fr\/wp-json\/wp\/v2\/pages\/340\/revisions\/855"}],"wp:attachment":[{"href":"https:\/\/globex2000.ca\/fr\/wp-json\/wp\/v2\/media?parent=340"}],"curies":[{"name":"wp","href":"https:\/\/api.w.org\/{rel}","templated":true}]}}