{"id":403,"date":"2016-07-07T14:37:00","date_gmt":"2016-07-07T14:37:00","guid":{"rendered":"http:\/\/wp.globex.dev\/?page_id=403"},"modified":"2021-10-14T13:24:17","modified_gmt":"2021-10-14T13:24:17","slug":"formulaires","status":"publish","type":"page","link":"https:\/\/globex2000.ca\/fr\/faq-2\/formulaires\/","title":{"rendered":"Formulaires"},"content":{"rendered":"<p><a class=\"single\" href=\"\/wp-content\/uploads\/2021\/09\/Wire-Template-International-French-Fillable.pdf\" target=\"_blank\" rel=\"noopener\">Demande de t\u00e9l\u00e9virement Intl.<\/a><br \/>\n<a class=\"single\" href=\"\/wp-content\/uploads\/2021\/09\/Wire-Template-USD-French.pdf\" target=\"_blank\" rel=\"noopener\">Demande de t\u00e9l\u00e9virement USD<\/a><br \/>\n<a class=\"single\" href=\"\/wp-content\/uploads\/2021\/10\/Application_Pers_FR.pdf\" target=\"_blank\" rel=\"noopener\">Ouverture de dossier (Particuliers)<\/a><br \/>\n<a class=\"single\" href=\"\/wp-content\/uploads\/2021\/10\/Application_Corp_FR.pdf\" target=\"_blank\" rel=\"noopener\">Ouverture de dossier (Entreprises)<\/a><br \/>\n<a class=\"single\" href=\"\/wp-content\/uploads\/2021\/02\/Proxy_FR_v2.pdf\" target=\"_blank\" rel=\"noopener\">Procuration &#8211; Transactions pour une Tierce Partie<\/a><\/p>\n","protected":false},"excerpt":{"rendered":"Demande de t\u00e9l\u00e9virement Intl. Demande de t\u00e9l\u00e9virement USD Ouverture de dossier (Particuliers) Ouverture de dossier (Entreprises) Procuration &#8211; Transactions pour une Tierce Partie","protected":false},"author":1,"featured_media":0,"parent":155,"menu_order":0,"comment_status":"closed","ping_status":"closed","template":"templates\/text.php","meta":{"_acf_changed":false,"footnotes":""},"class_list":["post-403","page","type-page","status-publish","hentry"],"acf":[],"_links":{"self":[{"href":"https:\/\/globex2000.ca\/fr\/wp-json\/wp\/v2\/pages\/403","targetHints":{"allow":["GET"]}}],"collection":[{"href":"https:\/\/globex2000.ca\/fr\/wp-json\/wp\/v2\/pages"}],"about":[{"href":"https:\/\/globex2000.ca\/fr\/wp-json\/wp\/v2\/types\/page"}],"author":[{"embeddable":true,"href":"https:\/\/globex2000.ca\/fr\/wp-json\/wp\/v2\/users\/1"}],"replies":[{"embeddable":true,"href":"https:\/\/globex2000.ca\/fr\/wp-json\/wp\/v2\/comments?post=403"}],"version-history":[{"count":14,"href":"https:\/\/globex2000.ca\/fr\/wp-json\/wp\/v2\/pages\/403\/revisions"}],"predecessor-version":[{"id":1123,"href":"https:\/\/globex2000.ca\/fr\/wp-json\/wp\/v2\/pages\/403\/revisions\/1123"}],"up":[{"embeddable":true,"href":"https:\/\/globex2000.ca\/fr\/wp-json\/wp\/v2\/pages\/155"}],"wp:attachment":[{"href":"https:\/\/globex2000.ca\/fr\/wp-json\/wp\/v2\/media?parent=403"}],"curies":[{"name":"wp","href":"https:\/\/api.w.org\/{rel}","templated":true}]}}