{"id":513,"date":"2016-08-15T14:34:48","date_gmt":"2016-08-15T14:34:48","guid":{"rendered":"http:\/\/wp.globex.dev\/?page_id=513"},"modified":"2019-06-13T19:52:00","modified_gmt":"2019-06-13T19:52:00","slug":"informations-pour-voyageurs","status":"publish","type":"page","link":"https:\/\/globex2000.ca\/fr\/faq-2\/informations-pour-voyageurs\/","title":{"rendered":"Informations pour Voyageurs"},"content":{"rendered":"<h2>Voyageurs<\/h2>\n<p>Nous tenons toujours en inventaire des billets de plusieurs pays \u2013 en bons \u00e9tats et dans des coupures vari\u00e9es. Appelez-nous pour savoir quelle devise vous auriez besoin ou consulter la liste avec ce lien. En fait, nous avons la majorit\u00e9 des devises qui sont l\u00e9galement transig\u00e9es sur le march\u00e9 international. Si nous ne l\u2019avons pas sur place, nous pouvons l\u2019obtenir pour vous aupr\u00e8s de nos fournisseurs internationaux.<\/p>\n<p>Prot\u00e9gez la valeur de votre argent et quittez l\u2019esprit tranquille. Il est difficile d\u2019\u00e9valuer le montant de devises \u00e9trang\u00e8res dont vous aurez besoin avant de partir en voyage et vous ne voulez pas payer des taux d\u2019\u00e9change plus \u00e9lev\u00e9s avec des cartes de cr\u00e9dit ou de d\u00e9bit. Alors, achetez en plus, car avec la Garantie de Rachat de Devises de Globex nous rach\u00e8terons jusqu\u2019a 50% de vos devises inutilis\u00e9es au m\u00eame taux pay\u00e9 dans les 30 jours de la date sur votre re\u00e7u avec la preuve que vous avez voyag\u00e9 \u00e0 l\u2019\u00e9tranger (ex. billet d\u2019avion, une facture d\u2019un achat du pays \u00e9tranger, ou un passport \u00e9tamp\u00e9) durant cette p\u00e9riode. Maximum $1000 CAD. Si vous n\u2019avez pas b\u00e9n\u00e9fici\u00e9 de la Garantie de Rachat de Devises de Globex 2000 lors de votre dernier voyage et m\u00eame si vous n\u2019avez pas achet\u00e9 vos devises chez Globex, il nous fera quand m\u00eame plaisir d\u2019acheter vos devises, mais aux taux courants.<\/p>\n<h2>Combien d\u2019argent dois-je apporter avec moi?<\/h2>\n<p>Tous les experts vous le diront, ne voyagez pas sans avoir des devises du pays que vous allez visiter. Il y a beaucoup de d\u00e9penses qui ne peuvent \u00eatre r\u00e9gl\u00e9es qu\u2019en argent comptant (taxi, transport en commun, tours, restaurants pour repas l\u00e9ger etc.). Sans oublier que plusieurs commerces n\u2019acceptent ni les cartes de d\u00e9bit ni les cartes de cr\u00e9dit. \u00c9galement, si vous retirez de l\u2019argent comptant \u00e0 l\u2019\u00e9tranger avec votre carte de d\u00e9bit, vous allez payer un taux plus \u00e9lev\u00e9 et vous devrez payer des frais de services \u00e0 votre banque et \u00e0 la banque \u00e9trang\u00e8re. Selon un sondage effectu\u00e9 aupr\u00e8s de nos clients, il est recommand\u00e9 d\u2019apporter au moins trente cinq pourcent de votre budget de voyage en devises du ou des pays \u00e0 visiter.<\/p>\n<p>Imprimer ce texte et couper sur les lignes. Pliez en deux et gardez-le sur vous lors de votre voyage.<\/p>\n<h2>Quoi faire en cas d\u2019urgence \u00e0 L\u2019\u00e9tranger?<\/h2>\n<p>FLes citoyens canadiens s\u00e9journant \u00e0 l\u2019\u00e9tranger peuvent t\u00e9l\u00e9phoner \u00e0 frais vir\u00e9s (si ce service est offert dans le pays o\u00f9 ils se trouvent) au (613) 996-8885.<br \/>\nPour appeler du Canada, composez le (613) 944-6788 ou le 1 800 267-6788.<br \/>\nDans certains pays, vous pouvez t\u00e9l\u00e9phoner sans frais au Centre des op\u00e9rations d\u2019urgence.<br \/>\nVous pouvez \u00e9galement communiquer \u00e0 l\u2019aide d\u2019un ATS, en composant le 1 800 394-3472 (au Canada et aux \u00c9tats-Unis) ou (613) 944-1310<br \/>\nVous pouvez aussi communiquer avec le Centre des op\u00e9rations d\u2019urgence par courriel, \u00e0 l\u2019adresse <a href=\"https:\/\/globex2000.ca\/faq\/traveler-information\/mailto:sos@international.gc.ca\"> sos@international.gc.ca<\/a> T\u00e9l\u00e9c. : (613) 943-1054<br \/>\nSi vous \u00e9prouvez des difficult\u00e9s, communiquez avec le bureau du gouvernement du Canada \u00e0 l\u2019\u00e9tranger responsable et suivez les directives fournies dans l\u2019enregistrement.<\/p>\n<h2><\/h2>\n<p>&nbsp;<\/p>\n","protected":false},"excerpt":{"rendered":"Voyageurs Nous tenons toujours en inventaire des billets de plusieurs pays \u2013 en bons \u00e9tats et dans des coupures vari\u00e9es. Appelez-nous pour savoir quelle devise vous auriez besoin ou consulter la liste avec ce lien. En fait, nous avons la majorit\u00e9 des devises qui sont l\u00e9galement transig\u00e9es sur le march\u00e9 international. Si nous ne l\u2019avons&#8230; <a class=\"view-article\" href=\"https:\/\/globex2000.ca\/fr\/faq-2\/informations-pour-voyageurs\/\">Voir l&rsquo;article<\/a>","protected":false},"author":1,"featured_media":0,"parent":155,"menu_order":0,"comment_status":"closed","ping_status":"closed","template":"templates\/text.php","meta":{"_acf_changed":false,"footnotes":""},"class_list":["post-513","page","type-page","status-publish","hentry"],"acf":[],"_links":{"self":[{"href":"https:\/\/globex2000.ca\/fr\/wp-json\/wp\/v2\/pages\/513","targetHints":{"allow":["GET"]}}],"collection":[{"href":"https:\/\/globex2000.ca\/fr\/wp-json\/wp\/v2\/pages"}],"about":[{"href":"https:\/\/globex2000.ca\/fr\/wp-json\/wp\/v2\/types\/page"}],"author":[{"embeddable":true,"href":"https:\/\/globex2000.ca\/fr\/wp-json\/wp\/v2\/users\/1"}],"replies":[{"embeddable":true,"href":"https:\/\/globex2000.ca\/fr\/wp-json\/wp\/v2\/comments?post=513"}],"version-history":[{"count":8,"href":"https:\/\/globex2000.ca\/fr\/wp-json\/wp\/v2\/pages\/513\/revisions"}],"predecessor-version":[{"id":896,"href":"https:\/\/globex2000.ca\/fr\/wp-json\/wp\/v2\/pages\/513\/revisions\/896"}],"up":[{"embeddable":true,"href":"https:\/\/globex2000.ca\/fr\/wp-json\/wp\/v2\/pages\/155"}],"wp:attachment":[{"href":"https:\/\/globex2000.ca\/fr\/wp-json\/wp\/v2\/media?parent=513"}],"curies":[{"name":"wp","href":"https:\/\/api.w.org\/{rel}","templated":true}]}}