{"id":527,"date":"2016-09-05T12:57:16","date_gmt":"2016-09-05T12:57:16","guid":{"rendered":"http:\/\/wp.globex.dev\/?page_id=527"},"modified":"2016-10-28T20:00:51","modified_gmt":"2016-10-28T20:00:51","slug":"exclusion-de-garantie","status":"publish","type":"page","link":"https:\/\/globex2000.ca\/fr\/exclusion-de-garantie\/","title":{"rendered":"Exclusion de garantie"},"content":{"rendered":"<h2>Exclusion de garantie<\/h2>\n<p>Tous le contenu et services disponibles sur ou via le site Web sont fournis \u00ab tels quels \u00bb. Globex 2000 ne fait aucune d\u00e9claration ni donne aucune garantie, dans chaque cas, explicite, implicite, l\u00e9gale ou autre, en ce qui concerne le site Web ou de son contenu. En particulier, \u00e0 l&rsquo;exception des dispositions des Termes et Conditions en ligne. Globex 2000 d\u00e9cline express\u00e9ment toute garantie, expresse ou implicite, quant \u00e0 l&rsquo;exactitude, la pertinence, la fiabilit\u00e9, l&rsquo;exhaustivit\u00e9, la non-contrefa\u00e7on, de performance, d&rsquo;ad\u00e9quation \u00e0 un usage particulier, de qualit\u00e9 marchande, l&rsquo;absence de virus ou l&rsquo;actualit\u00e9 du contenu ou des services disponibles sur ce site. En outre, mais sans limiter l&rsquo;exclusion, les services d&rsquo;information sur le site Web sont destin\u00e9s \u00e0 \u00eatre utilis\u00e9s par les voyageurs personnels ou d&rsquo;affaires ou par des individus ou des entreprises qui cherchent \u00e0 faire des paiements \u00e0 l&rsquo;\u00e9tranger en devises \u00e9trang\u00e8res, et ne devraient pas \u00eatre utilis\u00e9s pour la sp\u00e9culation ou d&rsquo;investissement. Ces services d&rsquo;informations et tout autre contenu du site ne sont pas destin\u00e9s \u00e0 constituer des conseils sur lesquels vous devez compter. Nous d\u00e9clinons toute responsabilit\u00e9 qui pourrait r\u00e9sulter de recourir \u00e0 ces services par tout visiteur du site Web ou par toute personne qui peut \u00eatre inform\u00e9e de tout son contenu. En outre, nous ne donnons aucune garantie que vous recevrez les services pour lesquels vous vous \u00eates enregistr\u00e9s. <\/p>\n<h2> Termes et conditions d\u2019utilisation du site <\/h2>\n<p> Si vous continuez \u00e0 naviguer et utiliser ce site, vous acceptez de respecter et d&rsquo;\u00eatre li\u00e9 par les termes et conditions d&rsquo;utilisation suivantes, qui, avec notre politique de confidentialit\u00e9, r\u00e9gissent Globex 2000 en relation avec vous par rapport \u00e0 ce site. Si vous \u00eates en d\u00e9saccord avec une partie quelconque de ces termes et conditions, veuillez ne pas utiliser notre site Web.<\/br><br \/>\nL&rsquo;utilisation de ce site est soumise aux conditions d&rsquo;utilisation suivantes :<br \/>\nLe contenu des pages de ce site est pour votre information g\u00e9n\u00e9rale et utilisation seulement. Un changement sans pr\u00e9avis est possible.<\/br><br \/>\nNi nous ni aucun tiers ne fournissons aucune garantie quant \u00e0 l&rsquo;exactitude, l&rsquo;actualit\u00e9, la performance, l&rsquo;exhaustivit\u00e9 ou la pertinence des informations et du mat\u00e9riel trouv\u00e9s ou offerts sur ce site \u00e0 des fins particuli\u00e8res.<br \/>\nVotre utilisation de toute information ou mat\u00e9riel sur ce site est enti\u00e8rement \u00e0 vos propres risques, pour lesquels nous ne serons pas responsables. Il est de votre responsabilit\u00e9 de veiller \u00e0 ce que tous les produits, services ou informations disponibles sur ce site r\u00e9pondent \u00e0 vos besoins sp\u00e9cifiques.<br \/>\nCe site contient du mat\u00e9riel qui est d\u00e9tenu par ou autoris\u00e9 \u00e0 nous. Ce mat\u00e9riel inclut, mais sans s&rsquo;y limiter, la conception, la mise en page, l&rsquo;apparence et les graphiques. La reproduction est interdite, sauf en conformit\u00e9 avec l&rsquo;avis du droit d&rsquo;auteur, qui fait partie de ces termes et conditions. <\/br><br \/>\nL&rsquo;utilisation non autoris\u00e9e de ce site peut donner lieu \u00e0 une demande de dommages-int\u00e9r\u00eats et \/ ou constituer une infraction p\u00e9nale.<br \/>\nDe temps en temps, ce site peut \u00e9galement inclure des liens vers d&rsquo;autres sites. Ces liens sont fournis pour votre convenance pour fournir de plus amples informations. Ils ne signifient pas que nous approuvons le site. Nous n&rsquo;avons aucune responsabilit\u00e9 pour le contenu du site li\u00e9.<br \/>\nVotre utilisation de ce site et tout litige d\u00e9coulant d&rsquo;une telle utilisation du site est soumise aux lois de la province de Qu\u00e9bec.<\/br><br \/>\nVeuillez prendre note que tous les produits et services ne sont pas disponibles dans toutes les zones g\u00e9ographiques. Votre admissibilit\u00e9 \u00e0 certains produits et services est soumise \u00e0 la d\u00e9cision finale et acceptation par Globex 2000 et les lois applicables. Toute information dat\u00e9e est publi\u00e9e \u00e0 la date de publication seulement et Globex 2000 ne peut pas entreprendre ou assumer aucune obligation ou responsabilit\u00e9 de mettre \u00e0 jour ou de modifier ces informations. En outre, en offrant des informations, produits ou services via le site Web, aucune sollicitation n&rsquo;est faite par Globex 2000 et toute personne se permettant d&rsquo;utiliser ces informations, produits ou services dans les juridictions o\u00f9 sont fournies ces informations, produits ou services est interdite par la loi.<\/p>\n<h2> Vos informations recueillies <\/h2>\n<p>La nature de notre site signifie que lorsque vous le visitez ou pour commander de l&rsquo;argent sur le site, nous pouvons vous demander de fournir certaines informations telles que vos coordonn\u00e9es et autres informations d\u00e9mographiques.<\/p>\n<h2> Divulgation d\u2019informations <\/h2>\n<p> Sauf si requis de le faire par la loi, nous ne partagerons pas autrement, vendre ou distribuer les informations que vous nous fournissez sans votre consentement. Les informations personnellement identifiables vous concernant ne seront utilis\u00e9es que pour les besoins sp\u00e9cifiques pour lesquels il est pr\u00e9vu ou autoris\u00e9 par la loi et ne seront pas divulgu\u00e9s \u00e0 d&rsquo;autres entreprises \u00e0 des fins de marketing. <\/p>\n","protected":false},"excerpt":{"rendered":"Exclusion de garantie Tous le contenu et services disponibles sur ou via le site Web sont fournis \u00ab tels quels \u00bb. Globex 2000 ne fait aucune d\u00e9claration ni donne aucune garantie, dans chaque cas, explicite, implicite, l\u00e9gale ou autre, en ce qui concerne le site Web ou de son contenu. En particulier, \u00e0 l&rsquo;exception des&#8230; <a class=\"view-article\" href=\"https:\/\/globex2000.ca\/fr\/exclusion-de-garantie\/\">Voir l&rsquo;article<\/a>","protected":false},"author":1,"featured_media":0,"parent":0,"menu_order":0,"comment_status":"closed","ping_status":"closed","template":"templates\/text.php","meta":{"_acf_changed":false,"footnotes":""},"class_list":["post-527","page","type-page","status-publish","hentry"],"acf":[],"_links":{"self":[{"href":"https:\/\/globex2000.ca\/fr\/wp-json\/wp\/v2\/pages\/527","targetHints":{"allow":["GET"]}}],"collection":[{"href":"https:\/\/globex2000.ca\/fr\/wp-json\/wp\/v2\/pages"}],"about":[{"href":"https:\/\/globex2000.ca\/fr\/wp-json\/wp\/v2\/types\/page"}],"author":[{"embeddable":true,"href":"https:\/\/globex2000.ca\/fr\/wp-json\/wp\/v2\/users\/1"}],"replies":[{"embeddable":true,"href":"https:\/\/globex2000.ca\/fr\/wp-json\/wp\/v2\/comments?post=527"}],"version-history":[{"count":7,"href":"https:\/\/globex2000.ca\/fr\/wp-json\/wp\/v2\/pages\/527\/revisions"}],"predecessor-version":[{"id":795,"href":"https:\/\/globex2000.ca\/fr\/wp-json\/wp\/v2\/pages\/527\/revisions\/795"}],"wp:attachment":[{"href":"https:\/\/globex2000.ca\/fr\/wp-json\/wp\/v2\/media?parent=527"}],"curies":[{"name":"wp","href":"https:\/\/api.w.org\/{rel}","templated":true}]}}